{"id":7,"date":"2017-02-05T20:33:46","date_gmt":"2017-02-05T19:33:46","guid":{"rendered":"http:\/\/homebyus.fr\/?page_id=7"},"modified":"2020-10-25T21:10:34","modified_gmt":"2020-10-25T20:10:34","slug":"accueil","status":"publish","type":"page","link":"https:\/\/homebyus.fr\/","title":{"rendered":"Accueil"},"content":{"rendered":"<header class=\"entry-header\">\n<h2 class=\"entry-title\">Am\u00e9nagement d\u2019interieur<\/h2>\n<p><span class=\"edit-link\"><a class=\"post-edit-link\" href=\"http:\/\/homebyus.fr\/wp-admin\/post.php?post=11&amp;action=edit\"><span class=\"screen-reader-text\">&#8220;Am\u00e9nagement d\u2019interieur&#8221;<\/span><\/a><\/span><\/p>\n<\/header>\n<div class=\"entry-content\">\n<p class=\"Style1\"><span class=\"Style3\">Depuis 7 ans<\/span>, nous sommes <span class=\"Style3\">agenceurs sp\u00e9cialis\u00e9s dans l\u2019am\u00e9nagement d\u2019espaces.<\/span><\/p>\n<p class=\"Style1\">Pour tous vos projets de r\u00e9alisation ou r\u00e9novation dans votre cuisine, salle de bain, dressing ou encore pi\u00e8ce \u00e0 vivre.<\/p>\n<p class=\"Style1\">Nous travaillons <span class=\"Style3\">tous types de mat\u00e9riaux<\/span> (stratifi\u00e9, verre, m\u00e9tal,<br \/>\nbois massif, laque\u2026).<\/p>\n<p class=\"Style1\">Fort de notre exp\u00e9rience, <span class=\"Style3\">nous prenons en charge votre projet depuis<br \/>\nl\u2019expression de vos besoins jusqu&#8217;aux finitions<\/span>.<\/p>\n<p class=\"Style1\">Tout ceci est possible gr\u00e2ce \u00e0 notre \u00e9quipe de professionels .<\/p>\n<\/div>\n","protected":false},"excerpt":{"rendered":"<p>Am\u00e9nagement d\u2019interieur &#8220;Am\u00e9nagement d\u2019interieur&#8221; Depuis 7 ans, nous sommes agenceurs sp\u00e9cialis\u00e9s dans l\u2019am\u00e9nagement d\u2019espaces. Pour tous vos projets de r\u00e9alisation ou r\u00e9novation dans votre cuisine, salle de bain, dressing ou encore pi\u00e8ce \u00e0 vivre. Nous travaillons tous types de mat\u00e9riaux (stratifi\u00e9, verre, m\u00e9tal, bois massif, laque\u2026). Fort de notre exp\u00e9rience, nous prenons en charge votre &hellip; <\/p>\n<p class=\"link-more\"><a href=\"https:\/\/homebyus.fr\/\" class=\"more-link\">Continue reading<span class=\"screen-reader-text\"> &#8220;Accueil&#8221;<\/span><\/a><\/p>\n","protected":false},"author":1,"featured_media":0,"parent":0,"menu_order":0,"comment_status":"closed","ping_status":"closed","template":"","meta":[],"_links":{"self":[{"href":"https:\/\/homebyus.fr\/index.php?rest_route=\/wp\/v2\/pages\/7"}],"collection":[{"href":"https:\/\/homebyus.fr\/index.php?rest_route=\/wp\/v2\/pages"}],"about":[{"href":"https:\/\/homebyus.fr\/index.php?rest_route=\/wp\/v2\/types\/page"}],"author":[{"embeddable":true,"href":"https:\/\/homebyus.fr\/index.php?rest_route=\/wp\/v2\/users\/1"}],"replies":[{"embeddable":true,"href":"https:\/\/homebyus.fr\/index.php?rest_route=%2Fwp%2Fv2%2Fcomments&post=7"}],"version-history":[{"count":6,"href":"https:\/\/homebyus.fr\/index.php?rest_route=\/wp\/v2\/pages\/7\/revisions"}],"predecessor-version":[{"id":53,"href":"https:\/\/homebyus.fr\/index.php?rest_route=\/wp\/v2\/pages\/7\/revisions\/53"}],"wp:attachment":[{"href":"https:\/\/homebyus.fr\/index.php?rest_route=%2Fwp%2Fv2%2Fmedia&parent=7"}],"curies":[{"name":"wp","href":"https:\/\/api.w.org\/{rel}","templated":true}]}}